{"id":19,"date":"2017-01-30T12:20:27","date_gmt":"2017-01-30T12:20:27","guid":{"rendered":"http:\/\/mypwebservices.com\/wordpress\/?page_id=19"},"modified":"2017-01-30T13:12:16","modified_gmt":"2017-01-30T13:12:16","slug":"hjkhk","status":"publish","type":"page","link":"https:\/\/mypwebservices.com\/wordpress\/","title":{"rendered":"Un poco de Historia"},"content":{"rendered":"<p><span style=\"color: #0000ff;\"><span style=\"color: #ff0000; font-family: Arial;\"><span style=\"color: #0000ff;\">Los comienzos de<\/span> Midiwav Studios<\/span><span style=\"font-family: Arial;\"> no est\u00e1n muy claros y se pierden en la noche de los tiempos. Una particular afici\u00f3n consistente en lograr grabar toda m\u00fasica y sonido con un m\u00ednimo de calidad con la \u00fanica finalidad de su\u00a0 reproducci\u00f3n se remonta al final de los 70\u00b4s cuando comienzo mis estudios de Electr\u00f3nica en el Colegio Oller de la capital del Turia y empiezan a caer en mis manos los primeros magnet\u00f3fonos a Cassette con los que era dificil labor compensar calidad y ruido de fondo. Luego, mucho tiempo m\u00e1s tarde, a mediados de los 80\u00b4s ya concluidos los estudios y trabajando como T\u00e9cnico en una empresa del sector inform\u00e1tico, compaginaba las funciones l\u00f3gicas de mi trabajo en aquellos viejos monstruos (casi todos Made in Usa), con\u00a0 la afici\u00f3n musical que nunca hab\u00eda abandonado y que me llevaba a tocar con mis amigos en bandas locales. Durante dicha d\u00e9cada llegaron a mi poder las dos adquisiciones m\u00e1s valiosas y que hoy en d\u00eda todav\u00eda siguen perfectamente operativas. Puede parecer curioso en estos momentos pero puedo asegurar que en aquella \u00e9poca 100.000 pesetas resultaba una cantidad respetable; Un Magnetof\u00f3n de bobina abierta Philips\u00a0 y una mesa Acoustic, r\u00e9plica de las populares Tascam utilizada durante los 70\u00b4s y 80\u00b4s con los grabadores multipistas Teac. &#8230;recuerdo que en la Sala Gasolinera hab\u00eda una de estas&#8230;<img loading=\"lazy\" class=\"wp-image-28 alignleft\" src=\"http:\/\/mypwebservices.com\/wordpress\/wp-content\/uploads\/2017\/01\/mesaviejabn-300x225.jpg\" alt=\"\" width=\"129\" height=\"97\" srcset=\"https:\/\/mypwebservices.com\/wordpress\/wp-content\/uploads\/2017\/01\/mesaviejabn-300x225.jpg 300w, https:\/\/mypwebservices.com\/wordpress\/wp-content\/uploads\/2017\/01\/mesaviejabn-768x576.jpg 768w, https:\/\/mypwebservices.com\/wordpress\/wp-content\/uploads\/2017\/01\/mesaviejabn-1024x768.jpg 1024w, https:\/\/mypwebservices.com\/wordpress\/wp-content\/uploads\/2017\/01\/mesaviejabn-840x630.jpg 840w, https:\/\/mypwebservices.com\/wordpress\/wp-content\/uploads\/2017\/01\/mesaviejabn-90x68.jpg 90w, https:\/\/mypwebservices.com\/wordpress\/wp-content\/uploads\/2017\/01\/mesaviejabn.jpg 2048w\" sizes=\"(max-width: 129px) 100vw, 129px\" \/><\/span><\/span><\/p>\n<p><span style=\"color: #0000ff;\"><span style=\"font-family: Arial;\"><span style=\"color: #0000ff; font-family: Arial;\">Con ese \u00abmaravilloso equipo\u00bb y unas cuantas bobinas (dif\u00edciles de conseguir ya de por s\u00ed en aquella \u00e9poca),\u00a0 pude lograr por primera vez una maqueta de dos temas con una calidad de sonido que permit\u00eda su reproducci\u00f3n, una vez \u00abmasterizada\u00bb y copiada, en cintas de cassette para deleite personal en\u00a0 los \u00abloros\u00bb de los coches y equipos hi-fies dom\u00e9sticos. Poco despu\u00e9s tuve ocasi\u00f3n de adquirir un nuevo magnetof\u00f3n de bobina Pioneer en formato Rack ,\u00a0 que aumentaba la calidad de la grabaci\u00f3n hasta niveles bastante aceptables para el conjunto del equipo disponible y que permiti\u00f3 entre otros logros la realizaci\u00f3n de copias de las cintas de cassette promocionales que enviabamos a las discogr\u00e1ficas y emisoras de radio a principios de los 90\u00b4s.<\/span><\/span><\/span><\/p>\n","protected":false},"excerpt":{"rendered":"<p>Los comienzos de Midiwav Studios no est\u00e1n muy claros y se pierden en la noche de los tiempos. Una particular afici\u00f3n consistente en lograr grabar toda m\u00fasica y sonido con un m\u00ednimo de calidad con la \u00fanica finalidad de su\u00a0 reproducci\u00f3n se remonta al final <span class=\"read-more\"><a class=\"more-link btn btn-transparent\" href=\"https:\/\/mypwebservices.com\/wordpress\/\">Read More &#8230;<\/a><\/span><\/p>\n","protected":false},"author":1,"featured_media":0,"parent":0,"menu_order":0,"comment_status":"closed","ping_status":"closed","template":"","meta":[],"_links":{"self":[{"href":"https:\/\/mypwebservices.com\/wordpress\/wp-json\/wp\/v2\/pages\/19"}],"collection":[{"href":"https:\/\/mypwebservices.com\/wordpress\/wp-json\/wp\/v2\/pages"}],"about":[{"href":"https:\/\/mypwebservices.com\/wordpress\/wp-json\/wp\/v2\/types\/page"}],"author":[{"embeddable":true,"href":"https:\/\/mypwebservices.com\/wordpress\/wp-json\/wp\/v2\/users\/1"}],"replies":[{"embeddable":true,"href":"https:\/\/mypwebservices.com\/wordpress\/wp-json\/wp\/v2\/comments?post=19"}],"version-history":[{"count":7,"href":"https:\/\/mypwebservices.com\/wordpress\/wp-json\/wp\/v2\/pages\/19\/revisions"}],"predecessor-version":[{"id":33,"href":"https:\/\/mypwebservices.com\/wordpress\/wp-json\/wp\/v2\/pages\/19\/revisions\/33"}],"wp:attachment":[{"href":"https:\/\/mypwebservices.com\/wordpress\/wp-json\/wp\/v2\/media?parent=19"}],"curies":[{"name":"wp","href":"https:\/\/api.w.org\/{rel}","templated":true}]}}